{"id":3704,"date":"2022-06-02T12:21:12","date_gmt":"2022-06-02T12:21:12","guid":{"rendered":"https:\/\/www.shi-ha.com\/?post_type=product&#038;p=3704"},"modified":"2026-03-09T20:36:02","modified_gmt":"2026-03-09T19:36:02","slug":"chocolate-mint","status":"publish","type":"product","link":"https:\/\/www.shi-ha.co\/de\/produkt\/chocolate-mint\/","title":{"rendered":"Chocolate Mint"},"content":{"rendered":"","protected":false},"excerpt":{"rendered":"<p>F\u00fcr den s\u00fc\u00dfen Liebhaber<\/p>\n<p><!--more--><\/p>\n<p>Ein P\u00f6ttchen enth\u00e4lt\u00a0<strong>10<\/strong>\u00a0Portionen<\/p>","protected":false},"featured_media":4342,"template":"","meta":[],"product_brand":[],"product_cat":[85,53,94],"product_tag":[],"class_list":{"0":"post-3704","1":"product","2":"type-product","3":"status-publish","4":"has-post-thumbnail","6":"product_cat-10-servings","7":"product_cat-chocolate","8":"product_cat-nederland","10":"first","11":"instock","12":"taxable","13":"shipping-taxable","14":"purchasable","15":"product-type-simple"},"jetpack_sharing_enabled":true,"_links":{"self":[{"href":"https:\/\/www.shi-ha.co\/de\/wp-json\/wp\/v2\/product\/3704","targetHints":{"allow":["GET"]}}],"collection":[{"href":"https:\/\/www.shi-ha.co\/de\/wp-json\/wp\/v2\/product"}],"about":[{"href":"https:\/\/www.shi-ha.co\/de\/wp-json\/wp\/v2\/types\/product"}],"wp:featuredmedia":[{"embeddable":true,"href":"https:\/\/www.shi-ha.co\/de\/wp-json\/wp\/v2\/media\/4342"}],"wp:attachment":[{"href":"https:\/\/www.shi-ha.co\/de\/wp-json\/wp\/v2\/media?parent=3704"}],"wp:term":[{"taxonomy":"product_brand","embeddable":true,"href":"https:\/\/www.shi-ha.co\/de\/wp-json\/wp\/v2\/product_brand?post=3704"},{"taxonomy":"product_cat","embeddable":true,"href":"https:\/\/www.shi-ha.co\/de\/wp-json\/wp\/v2\/product_cat?post=3704"},{"taxonomy":"product_tag","embeddable":true,"href":"https:\/\/www.shi-ha.co\/de\/wp-json\/wp\/v2\/product_tag?post=3704"}],"curies":[{"name":"wp","href":"https:\/\/api.w.org\/{rel}","templated":true}]}}