{"id":5133,"date":"2024-01-12T16:36:35","date_gmt":"2024-01-12T16:36:35","guid":{"rendered":"https:\/\/www.shi-ha.com\/?post_type=product&#038;p=5133"},"modified":"2025-01-29T23:00:00","modified_gmt":"2025-01-29T22:00:00","slug":"solo-fresh-watermelon-d","status":"publish","type":"product","link":"https:\/\/www.shi-ha.co\/de\/produkt\/solo-fresh-watermelon-d\/","title":{"rendered":"Solo Magic Watermelon D"},"content":{"rendered":"","protected":false},"excerpt":{"rendered":"<p>Erleben Sie das ultimative Shisha-Erlebnis mit Shi-Ha Premium Solo 1 x Gebrauch. Erfrischenden Geschmack von Magic Watermelon fruchtigen Mix Wassermelone und Minze, sorgt f\u00fcr eine besonders k\u00f6stliche Dampfsession.<\/p>\n<p>Diese Kombination sorgt f\u00fcr ein einzigartiges und erfrischendes Dampferlebnis, das Sie immer wieder erleben m\u00f6chten.<\/p>\n<p>Der Magic Watermelon Solo Premium wird sorgf\u00e4ltig aus hochwertigen Zutaten zusammengestellt.<\/p>\n<p>Dieser Highlight von Shi-Ha hat eine feuchte und normale Struktur, die ein langanhaltendes und angenehmes Dampf Erlebnis garantiert.<\/p>\n<p>&nbsp;<\/p>\n<p>Shi-Ha 20 Gramm Solo bietet genug f\u00fcr eine Sitzung, sodass Sie diesen k\u00f6stlichen Magic Watermelon Geschmack immer wieder ohne Tabak und Teer genie\u00dfen k\u00f6nnen.<\/p>\n<p>&nbsp;<\/p>\n<p>Shi-Ha Premium kann mit jedem Shisha-kopf Setup gebraucht werden.<\/p>\n<p>15 Gram Shi-Ha Premium ist ausreichend f\u00fcr ein unvergessliches Dampferlebnis.<\/p>\n<p>&nbsp;<\/p>\n<p>Inhaltsstoffe:<\/p>\n<p>Pflanzliches Glycerin, 100% naturbelassener lebensmittelzugelassener Zellstoff, Lebensmittelaroma und Zucker<\/p>\n<p><!--more--><\/p>\n<p>Kein \u00c4rger mehr mit offenen Verpackungen, die austrocknen, oder mit der Inspektion.<\/p>\n<blockquote><p>Ein Beutel = einmal verwenden<\/p><\/blockquote>","protected":false},"featured_media":5535,"template":"","meta":[],"product_brand":[],"product_cat":[95,92,54,100,91],"product_tag":[],"class_list":{"0":"post-5133","1":"product","2":"type-product","3":"status-publish","4":"has-post-thumbnail","6":"product_cat-deutschland","7":"product_cat-land","8":"product_cat-melon","9":"product_cat-solo","10":"product_cat-vruchten","12":"first","13":"instock","14":"taxable","15":"shipping-taxable","16":"purchasable","17":"product-type-simple"},"jetpack_sharing_enabled":true,"_links":{"self":[{"href":"https:\/\/www.shi-ha.co\/de\/wp-json\/wp\/v2\/product\/5133","targetHints":{"allow":["GET"]}}],"collection":[{"href":"https:\/\/www.shi-ha.co\/de\/wp-json\/wp\/v2\/product"}],"about":[{"href":"https:\/\/www.shi-ha.co\/de\/wp-json\/wp\/v2\/types\/product"}],"wp:featuredmedia":[{"embeddable":true,"href":"https:\/\/www.shi-ha.co\/de\/wp-json\/wp\/v2\/media\/5535"}],"wp:attachment":[{"href":"https:\/\/www.shi-ha.co\/de\/wp-json\/wp\/v2\/media?parent=5133"}],"wp:term":[{"taxonomy":"product_brand","embeddable":true,"href":"https:\/\/www.shi-ha.co\/de\/wp-json\/wp\/v2\/product_brand?post=5133"},{"taxonomy":"product_cat","embeddable":true,"href":"https:\/\/www.shi-ha.co\/de\/wp-json\/wp\/v2\/product_cat?post=5133"},{"taxonomy":"product_tag","embeddable":true,"href":"https:\/\/www.shi-ha.co\/de\/wp-json\/wp\/v2\/product_tag?post=5133"}],"curies":[{"name":"wp","href":"https:\/\/api.w.org\/{rel}","templated":true}]}}