{"id":5210,"date":"2024-01-25T10:26:11","date_gmt":"2024-01-25T10:26:11","guid":{"rendered":"https:\/\/www.shi-ha.com\/?post_type=product&#038;p=5210"},"modified":"2025-01-29T22:50:20","modified_gmt":"2025-01-29T21:50:20","slug":"solo-fresh-kks-d","status":"publish","type":"product","link":"https:\/\/www.shi-ha.co\/de\/produkt\/solo-fresh-kks-d\/","title":{"rendered":"Solo Magic Kactus D"},"content":{"rendered":"","protected":false},"excerpt":{"rendered":"<p>Erleben Sie das ultimative Shisha-Erlebnis mit Shi-Ha Premium Solo 1 x Gebrauch. Magic Kactus sorgt f\u00fcr ein cooles Shisha-Erlebnis. Der Kaktusgeschmack mit k\u00fchlem Unterton sorgt f\u00fcr eine besondere Shisha-Session.<\/p>\n<p>Diese Kombination sorgt f\u00fcr ein einzigartiges und erfrischendes Dampferlebnis, das Sie immer wieder erleben m\u00f6chten.<\/p>\n<p>Der Magic Kactus Solo Premium wird sorgf\u00e4ltig aus hochwertigen Zutaten zusammengestellt.<\/p>\n<p>Dieser Highlight von Shi-Ha hat eine feuchte und normale Struktur, die ein langanhaltendes und angenehmes Dampf Erlebnis garantiert.<\/p>\n<p>&nbsp;<\/p>\n<p>Shi-Ha 20 Gramm Solo bietet genug f\u00fcr eine Sitzung, sodass Sie diesen k\u00f6stlichen Magic Kactus Geschmack immer wieder ohne Tabak und Teer genie\u00dfen k\u00f6nnen.<\/p>\n<p>&nbsp;<\/p>\n<p>Shi-Ha Premium kann mit jedem Shisha-kopf Setup gebraucht werden.<\/p>\n<p>15 Gram Shi-Ha Premium ist ausreichend f\u00fcr ein unvergessliches Dampferlebnis.<\/p>\n<p>&nbsp;<\/p>\n<p>Inhaltsstoffe:<\/p>\n<p>Pflanzliches Glycerin, 100% naturbelassener lebensmittelzugelassener Zellstoff, Lebensmittelaroma und Zucker<\/p>\n<p><!--more--><\/p>\n<p>Kein \u00c4rger mehr mit offenen Verpackungen, die austrocknen, oder mit der Inspektion.<\/p>\n<blockquote><p>Ein Beutel = einmal verwenden<\/p><\/blockquote>","protected":false},"featured_media":5525,"template":"","meta":[],"product_brand":[],"product_cat":[95,92,100],"product_tag":[],"class_list":{"0":"post-5210","1":"product","2":"type-product","3":"status-publish","4":"has-post-thumbnail","6":"product_cat-deutschland","7":"product_cat-land","8":"product_cat-solo","10":"first","11":"instock","12":"taxable","13":"shipping-taxable","14":"purchasable","15":"product-type-simple"},"jetpack_sharing_enabled":true,"_links":{"self":[{"href":"https:\/\/www.shi-ha.co\/de\/wp-json\/wp\/v2\/product\/5210","targetHints":{"allow":["GET"]}}],"collection":[{"href":"https:\/\/www.shi-ha.co\/de\/wp-json\/wp\/v2\/product"}],"about":[{"href":"https:\/\/www.shi-ha.co\/de\/wp-json\/wp\/v2\/types\/product"}],"wp:featuredmedia":[{"embeddable":true,"href":"https:\/\/www.shi-ha.co\/de\/wp-json\/wp\/v2\/media\/5525"}],"wp:attachment":[{"href":"https:\/\/www.shi-ha.co\/de\/wp-json\/wp\/v2\/media?parent=5210"}],"wp:term":[{"taxonomy":"product_brand","embeddable":true,"href":"https:\/\/www.shi-ha.co\/de\/wp-json\/wp\/v2\/product_brand?post=5210"},{"taxonomy":"product_cat","embeddable":true,"href":"https:\/\/www.shi-ha.co\/de\/wp-json\/wp\/v2\/product_cat?post=5210"},{"taxonomy":"product_tag","embeddable":true,"href":"https:\/\/www.shi-ha.co\/de\/wp-json\/wp\/v2\/product_tag?post=5210"}],"curies":[{"name":"wp","href":"https:\/\/api.w.org\/{rel}","templated":true}]}}