{"id":5213,"date":"2024-01-25T10:33:27","date_gmt":"2024-01-25T10:33:27","guid":{"rendered":"https:\/\/www.shi-ha.com\/?post_type=product&#038;p=5213"},"modified":"2025-01-29T22:44:20","modified_gmt":"2025-01-29T21:44:20","slug":"solo-hawaii-d","status":"publish","type":"product","link":"https:\/\/www.shi-ha.co\/de\/produkt\/solo-hawaii-d\/","title":{"rendered":"Solo Hawaii D"},"content":{"rendered":"","protected":false},"excerpt":{"rendered":"<p>Erleben Sie das ultimative Shisha-Erlebnis mit Shi-Ha Premium Solo 1 x Gebrauch. Erfrischend\u00a0 Shisha-Erlebnis mit Hawaii, mit einer k\u00f6stlichen Kombination aus Zimt Minze und bietet ein einzigartiges Dessert- und Vanille-Gef\u00fchl sorgt f\u00fcr eine besonders k\u00f6stliche Dampfsession.<\/p>\n<p>Diese Kombination sorgt f\u00fcr ein einzigartiges und erfrischendes Dampferlebnis, das Sie immer wieder erleben m\u00f6chten.<\/p>\n<p>Der Hawaii Solo Premium wird sorgf\u00e4ltig aus hochwertigen Zutaten zusammengestellt.<\/p>\n<p>Dieser Highlight von Shi-Ha hat eine feuchte und normale Struktur, die ein langanhaltendes und angenehmes Dampf Erlebnis garantiert.<\/p>\n<p>&nbsp;<\/p>\n<p>Shi-Ha 20 Gramm Solo bietet genug f\u00fcr eine Sitzung, sodass Sie diesen k\u00f6stlichen Hawaii Geschmack immer wieder ohne Tabak und Teer genie\u00dfen k\u00f6nnen.<\/p>\n<p>&nbsp;<\/p>\n<p>Shi-Ha Premium kann mit jedem Shisha-kopf Setup gebraucht werden.<\/p>\n<p>15 Gram Shi-Ha Premium ist ausreichend f\u00fcr ein unvergessliches Dampferlebnis.<\/p>\n<p>&nbsp;<\/p>\n<p>Inhaltsstoffe:<\/p>\n<p>Pflanzliches Glycerin, 100% naturbelassener lebensmittelzugelassener Zellstoff, Lebensmittelaroma und Zucker<\/p>\n<p><!--more--><\/p>\n<p>Kein \u00c4rger mehr mit offenen Verpackungen, die austrocknen, oder mit der Inspektion.<\/p>\n<blockquote><p>Ein Beutel = einmal verwenden<\/p><\/blockquote>","protected":false},"featured_media":5522,"template":"","meta":[],"product_brand":[],"product_cat":[95,92,100,91],"product_tag":[],"class_list":{"0":"post-5213","1":"product","2":"type-product","3":"status-publish","4":"has-post-thumbnail","6":"product_cat-deutschland","7":"product_cat-land","8":"product_cat-solo","9":"product_cat-vruchten","11":"first","12":"instock","13":"taxable","14":"shipping-taxable","15":"purchasable","16":"product-type-simple"},"jetpack_sharing_enabled":true,"_links":{"self":[{"href":"https:\/\/www.shi-ha.co\/de\/wp-json\/wp\/v2\/product\/5213","targetHints":{"allow":["GET"]}}],"collection":[{"href":"https:\/\/www.shi-ha.co\/de\/wp-json\/wp\/v2\/product"}],"about":[{"href":"https:\/\/www.shi-ha.co\/de\/wp-json\/wp\/v2\/types\/product"}],"wp:featuredmedia":[{"embeddable":true,"href":"https:\/\/www.shi-ha.co\/de\/wp-json\/wp\/v2\/media\/5522"}],"wp:attachment":[{"href":"https:\/\/www.shi-ha.co\/de\/wp-json\/wp\/v2\/media?parent=5213"}],"wp:term":[{"taxonomy":"product_brand","embeddable":true,"href":"https:\/\/www.shi-ha.co\/de\/wp-json\/wp\/v2\/product_brand?post=5213"},{"taxonomy":"product_cat","embeddable":true,"href":"https:\/\/www.shi-ha.co\/de\/wp-json\/wp\/v2\/product_cat?post=5213"},{"taxonomy":"product_tag","embeddable":true,"href":"https:\/\/www.shi-ha.co\/de\/wp-json\/wp\/v2\/product_tag?post=5213"}],"curies":[{"name":"wp","href":"https:\/\/api.w.org\/{rel}","templated":true}]}}